{"id":21,"date":"2024-09-28T22:36:46","date_gmt":"2024-09-28T20:36:46","guid":{"rendered":"https:\/\/danselibremalkovsky.com\/?page_id=21"},"modified":"2025-02-13T18:36:42","modified_gmt":"2025-02-13T17:36:42","slug":"ecrivez-nous","status":"publish","type":"page","link":"https:\/\/danselibremalkovsky.com\/de\/ecrivez-nous\/","title":{"rendered":"Schreiben Sie uns"},"content":{"rendered":"\t\t<div data-elementor-type=\"wp-page\" data-elementor-id=\"21\" class=\"elementor elementor-21\" data-elementor-post-type=\"page\">\n\t\t\t\t<div class=\"elementor-element elementor-element-914d9ce e-flex e-con-boxed e-con e-parent\" data-id=\"914d9ce\" data-element_type=\"container\" data-e-type=\"container\" data-settings=\"{&quot;background_background&quot;:&quot;gradient&quot;,&quot;shape_divider_bottom&quot;:&quot;curve&quot;,&quot;shape_divider_bottom_negative&quot;:&quot;yes&quot;}\">\n\t\t\t\t\t<div class=\"e-con-inner\">\n\t\t\t\t<div class=\"elementor-shape elementor-shape-bottom\" aria-hidden=\"true\" data-negative=\"true\">\n\t\t\t<svg xmlns=\"http:\/\/www.w3.org\/2000\/svg\" viewBox=\"0 0 1000 100\" preserveAspectRatio=\"none\">\n\t<path class=\"elementor-shape-fill\" d=\"M500,97C126.7,96.3,0.8,19.8,0,0v100l1000,0V1C1000,19.4,873.3,97.8,500,97z\"\/>\n<\/svg>\t\t<\/div>\n\t\t\t\t<div class=\"elementor-element elementor-element-5faf6ce elementor-widget elementor-widget-heading\" data-id=\"5faf6ce\" data-element_type=\"widget\" data-e-type=\"widget\" data-widget_type=\"heading.default\">\n\t\t\t\t\t<h1 class=\"elementor-heading-title elementor-size-default\">Ecrivez-nous<\/h1>\t\t\t\t<\/div>\n\t\t\t\t<div class=\"elementor-element elementor-element-845f6f2 elementor-widget elementor-widget-text-editor\" data-id=\"845f6f2\" data-element_type=\"widget\" data-e-type=\"widget\" data-widget_type=\"text-editor.default\">\n\t\t\t\t\t\t\t\t\t<p>Pour toute question relative \u00e0 ce projet, si vous rencontrez un probl\u00e8me dans l\u2019utilisation du site ou simplement pour nous donner votre opinion constructive, n\u2019h\u00e9sitez pas \u00e0 nous laisser vos coordonn\u00e9es et un message gr\u00e2ce au formulaire ci-dessous.<\/p>\t\t\t\t\t\t\t\t<\/div>\n\t\t<div class=\"elementor-element elementor-element-ec1f31d e-con-full e-flex e-con e-child\" data-id=\"ec1f31d\" data-element_type=\"container\" data-e-type=\"container\" data-settings=\"{&quot;background_background&quot;:&quot;classic&quot;}\">\n\t\t\t\t<div class=\"elementor-element elementor-element-daa59d8 elementor-widget elementor-widget-wpforms\" data-id=\"daa59d8\" data-element_type=\"widget\" data-e-type=\"widget\" data-widget_type=\"wpforms.default\">\n\t\t\t\t<div class=\"elementor-widget-container\">\n\t\t\t\t\t<div class=\"wpforms-container wpforms-container-full wpforms-render-modern\" id=\"wpforms-119\"><form id=\"wpforms-form-119\" class=\"wpforms-validate wpforms-form wpforms-ajax-form\" data-formid=\"119\" method=\"post\" enctype=\"multipart\/form-data\" action=\"\/de\/wp-json\/wp\/v2\/pages\/21\" data-token=\"b895d0e35130f80b55b22a353bb7a6a3\" data-token-time=\"1776587785\"><noscript class=\"wpforms-error-noscript\">Bitte aktiviere JavaScript in deinem Browser, um dieses Formular fertigzustellen.<\/noscript><div id=\"wpforms-error-noscript\" style=\"display: none;\">Bitte aktiviere JavaScript in deinem Browser, um dieses Formular fertigzustellen.<\/div><div class=\"wpforms-field-container\">\t\t<div id=\"wpforms-119-field_4-container\"\n\t\t\tclass=\"wpforms-field wpforms-field-text\"\n\t\t\tdata-field-type=\"text\"\n\t\t\tdata-field-id=\"4\"\n\t\t\t>\n\t\t\t<label class=\"wpforms-field-label\" for=\"wpforms-119-field_4\" >E-mail ou Commentaire<\/label>\n\t\t\t<input type=\"text\" id=\"wpforms-119-field_4\" class=\"wpforms-field-medium\" name=\"wpforms[fields][4]\" >\n\t\t<\/div>\n\t\t<div id=\"wpforms-119-field_1-container\" class=\"wpforms-field wpforms-field-name\" data-field-id=\"1\"><fieldset><legend class=\"wpforms-field-label\">Nom <span class=\"wpforms-required-label\" aria-hidden=\"true\">*<\/span><\/legend><div class=\"wpforms-field-row wpforms-field-large\"><div class=\"wpforms-field-row-block wpforms-first wpforms-one-half\"><input type=\"text\" id=\"wpforms-119-field_1\" class=\"wpforms-field-name-first wpforms-field-required\" name=\"wpforms[fields][1][first]\" aria-errormessage=\"wpforms-119-field_1-error\" required><label for=\"wpforms-119-field_1\" class=\"wpforms-field-sublabel after\">Vorname<\/label><\/div><div class=\"wpforms-field-row-block wpforms-one-half\"><input type=\"text\" id=\"wpforms-119-field_1-last\" class=\"wpforms-field-name-last wpforms-field-required\" name=\"wpforms[fields][1][last]\" aria-errormessage=\"wpforms-119-field_1-last-error\" required><label for=\"wpforms-119-field_1-last\" class=\"wpforms-field-sublabel after\">Nachname<\/label><\/div><\/div><\/fieldset><\/div><div id=\"wpforms-119-field_2-container\" class=\"wpforms-field wpforms-field-email\" data-field-id=\"2\"><label class=\"wpforms-field-label\" for=\"wpforms-119-field_2\">E-mail <span class=\"wpforms-required-label\" aria-hidden=\"true\">*<\/span><\/label><input type=\"email\" id=\"wpforms-119-field_2\" class=\"wpforms-field-large wpforms-field-required\" name=\"wpforms[fields][2]\" spellcheck=\"false\" aria-errormessage=\"wpforms-119-field_2-error\" required><\/div><div id=\"wpforms-119-field_3-container\" class=\"wpforms-field wpforms-field-textarea\" data-field-id=\"3\"><label class=\"wpforms-field-label\" for=\"wpforms-119-field_3\">Commentaire ou message<\/label><textarea id=\"wpforms-119-field_3\" class=\"wpforms-field-medium\" name=\"wpforms[fields][3]\" aria-errormessage=\"wpforms-119-field_3-error\" ><\/textarea><\/div><script>\n\t\t\t\t( function() {\n\t\t\t\t\tconst style = document.createElement( 'style' );\n\t\t\t\t\tstyle.appendChild( document.createTextNode( '#wpforms-119-field_4-container { position: absolute !important; overflow: hidden !important; display: inline !important; height: 1px !important; width: 1px !important; z-index: -1000 !important; padding: 0 !important; } #wpforms-119-field_4-container input { visibility: hidden; } #wpforms-conversational-form-page #wpforms-119-field_4-container label { counter-increment: none; }' ) );\n\t\t\t\t\tdocument.head.appendChild( style );\n\t\t\t\t\tdocument.currentScript?.remove();\n\t\t\t\t} )();\n\t\t\t<\/script><\/div><!-- .wpforms-field-container --><div class=\"wpforms-submit-container\" ><input type=\"hidden\" name=\"wpforms[id]\" value=\"119\"><input type=\"hidden\" name=\"page_title\" value=\"\"><input type=\"hidden\" name=\"page_url\" value=\"https:\/\/danselibremalkovsky.com\/de\/wp-json\/wp\/v2\/pages\/21\"><input type=\"hidden\" name=\"url_referer\" value=\"\"><button type=\"submit\" name=\"wpforms[submit]\" id=\"wpforms-submit-119\" class=\"wpforms-submit\" data-alt-text=\"Envoi...\" data-submit-text=\"Envoyer\" aria-live=\"assertive\" value=\"wpforms-submit\">Envoyer<\/button><img decoding=\"async\" src=\"https:\/\/danselibremalkovsky.com\/wp-content\/plugins\/wpforms-lite\/assets\/images\/submit-spin.svg\" class=\"wpforms-submit-spinner\" style=\"display: none;\" width=\"26\" height=\"26\" alt=\"Wird geladen\"><\/div><\/form><\/div>  <!-- .wpforms-container -->\t\t\t\t<\/div>\n\t\t\t\t<\/div>\n\t\t\t\t<\/div>\n\t\t\t\t\t<\/div>\n\t\t\t\t<\/div>\n\t\t<div class=\"elementor-element elementor-element-5f5e4f9 e-flex e-con-boxed e-con e-parent\" data-id=\"5f5e4f9\" data-element_type=\"container\" data-e-type=\"container\">\n\t\t\t\t\t<div class=\"e-con-inner\">\n\t\t\t\t\t<\/div>\n\t\t\t\t<\/div>\n\t\t\t\t<\/div>\n\t\t","protected":false},"excerpt":{"rendered":"<p>Ecrivez-nous Pour toute question relative \u00e0 ce projet, si vous rencontrez un probl\u00e8me dans l\u2019utilisation du site ou simplement pour [&hellip;]<\/p>\n","protected":false},"author":1,"featured_media":0,"parent":0,"menu_order":0,"comment_status":"closed","ping_status":"closed","template":"","meta":{"_acf_changed":false,"pmpro_default_level":"","site-sidebar-layout":"no-sidebar","site-content-layout":"","ast-site-content-layout":"full-width-container","site-content-style":"default","site-sidebar-style":"default","ast-global-header-display":"","ast-banner-title-visibility":"","ast-main-header-display":"","ast-hfb-above-header-display":"","ast-hfb-below-header-display":"","ast-hfb-mobile-header-display":"","site-post-title":"disabled","ast-breadcrumbs-content":"","ast-featured-img":"disabled","footer-sml-layout":"","ast-disable-related-posts":"","theme-transparent-header-meta":"","adv-header-id-meta":"","stick-header-meta":"","header-above-stick-meta":"","header-main-stick-meta":"","header-below-stick-meta":"","astra-migrate-meta-layouts":"default","ast-page-background-enabled":"default","ast-page-background-meta":{"desktop":{"background-color":"var(--ast-global-color-4)","background-image":"","background-repeat":"repeat","background-position":"center center","background-size":"auto","background-attachment":"scroll","background-type":"","background-media":"","overlay-type":"","overlay-color":"","overlay-opacity":"","overlay-gradient":""},"tablet":{"background-color":"","background-image":"","background-repeat":"repeat","background-position":"center center","background-size":"auto","background-attachment":"scroll","background-type":"","background-media":"","overlay-type":"","overlay-color":"","overlay-opacity":"","overlay-gradient":""},"mobile":{"background-color":"","background-image":"","background-repeat":"repeat","background-position":"center center","background-size":"auto","background-attachment":"scroll","background-type":"","background-media":"","overlay-type":"","overlay-color":"","overlay-opacity":"","overlay-gradient":""}},"ast-content-background-meta":{"desktop":{"background-color":"var(--ast-global-color-5)","background-image":"","background-repeat":"repeat","background-position":"center center","background-size":"auto","background-attachment":"scroll","background-type":"","background-media":"","overlay-type":"","overlay-color":"","overlay-opacity":"","overlay-gradient":""},"tablet":{"background-color":"var(--ast-global-color-5)","background-image":"","background-repeat":"repeat","background-position":"center center","background-size":"auto","background-attachment":"scroll","background-type":"","background-media":"","overlay-type":"","overlay-color":"","overlay-opacity":"","overlay-gradient":""},"mobile":{"background-color":"var(--ast-global-color-5)","background-image":"","background-repeat":"repeat","background-position":"center center","background-size":"auto","background-attachment":"scroll","background-type":"","background-media":"","overlay-type":"","overlay-color":"","overlay-opacity":"","overlay-gradient":""}},"footnotes":""},"class_list":["post-21","page","type-page","status-publish","hentry","pmpro-has-access"],"acf":[],"yoast_head":"<!-- This site is optimized with the Yoast SEO plugin v27.4 - https:\/\/yoast.com\/product\/yoast-seo-wordpress\/ -->\n<title>Ecrivez-nous - danselibremalkovsky.com<\/title>\n<meta name=\"robots\" content=\"index, follow, max-snippet:-1, max-image-preview:large, max-video-preview:-1\" \/>\n<link rel=\"canonical\" href=\"https:\/\/danselibremalkovsky.com\/de\/ecrivez-nous\/\" \/>\n<meta property=\"og:locale\" content=\"de_DE\" \/>\n<meta property=\"og:type\" content=\"article\" \/>\n<meta property=\"og:title\" content=\"Ecrivez-nous - danselibremalkovsky.com\" \/>\n<meta property=\"og:description\" content=\"Ecrivez-nous Pour toute question relative \u00e0 ce projet, si vous rencontrez un probl\u00e8me dans l\u2019utilisation du site ou simplement pour [&hellip;]\" \/>\n<meta property=\"og:url\" content=\"https:\/\/danselibremalkovsky.com\/de\/ecrivez-nous\/\" \/>\n<meta property=\"og:site_name\" content=\"danselibremalkovsky.com\" \/>\n<meta property=\"article:modified_time\" content=\"2025-02-13T17:36:42+00:00\" \/>\n<meta property=\"og:image\" content=\"https:\/\/danselibremalkovsky.com\/wp-content\/plugins\/wpforms-lite\/assets\/images\/submit-spin.svg\" \/>\n<meta name=\"twitter:card\" content=\"summary_large_image\" \/>\n<meta name=\"twitter:label1\" content=\"Gesch\u00e4tzte Lesezeit\" \/>\n\t<meta name=\"twitter:data1\" content=\"1\u00a0Minute\" \/>\n<script type=\"application\/ld+json\" class=\"yoast-schema-graph\">{\"@context\":\"https:\\\/\\\/schema.org\",\"@graph\":[{\"@type\":\"WebPage\",\"@id\":\"https:\\\/\\\/danselibremalkovsky.com\\\/ecrivez-nous\\\/\",\"url\":\"https:\\\/\\\/danselibremalkovsky.com\\\/ecrivez-nous\\\/\",\"name\":\"Ecrivez-nous - danselibremalkovsky.com\",\"isPartOf\":{\"@id\":\"https:\\\/\\\/danselibremalkovsky.com\\\/#website\"},\"primaryImageOfPage\":{\"@id\":\"https:\\\/\\\/danselibremalkovsky.com\\\/ecrivez-nous\\\/#primaryimage\"},\"image\":{\"@id\":\"https:\\\/\\\/danselibremalkovsky.com\\\/ecrivez-nous\\\/#primaryimage\"},\"thumbnailUrl\":\"https:\\\/\\\/danselibremalkovsky.com\\\/wp-content\\\/plugins\\\/wpforms-lite\\\/assets\\\/images\\\/submit-spin.svg\",\"datePublished\":\"2024-09-28T20:36:46+00:00\",\"dateModified\":\"2025-02-13T17:36:42+00:00\",\"breadcrumb\":{\"@id\":\"https:\\\/\\\/danselibremalkovsky.com\\\/ecrivez-nous\\\/#breadcrumb\"},\"inLanguage\":\"de\",\"potentialAction\":[{\"@type\":\"ReadAction\",\"target\":[\"https:\\\/\\\/danselibremalkovsky.com\\\/ecrivez-nous\\\/\"]}]},{\"@type\":\"ImageObject\",\"inLanguage\":\"de\",\"@id\":\"https:\\\/\\\/danselibremalkovsky.com\\\/ecrivez-nous\\\/#primaryimage\",\"url\":\"https:\\\/\\\/danselibremalkovsky.com\\\/wp-content\\\/plugins\\\/wpforms-lite\\\/assets\\\/images\\\/submit-spin.svg\",\"contentUrl\":\"https:\\\/\\\/danselibremalkovsky.com\\\/wp-content\\\/plugins\\\/wpforms-lite\\\/assets\\\/images\\\/submit-spin.svg\"},{\"@type\":\"BreadcrumbList\",\"@id\":\"https:\\\/\\\/danselibremalkovsky.com\\\/ecrivez-nous\\\/#breadcrumb\",\"itemListElement\":[{\"@type\":\"ListItem\",\"position\":1,\"name\":\"Accueil\",\"item\":\"https:\\\/\\\/danselibremalkovsky.com\\\/\"},{\"@type\":\"ListItem\",\"position\":2,\"name\":\"Ecrivez-nous\"}]},{\"@type\":\"WebSite\",\"@id\":\"https:\\\/\\\/danselibremalkovsky.com\\\/#website\",\"url\":\"https:\\\/\\\/danselibremalkovsky.com\\\/\",\"name\":\"danselibremalkovsky.com\",\"description\":\"&quot;Entrez dans la danse...&quot;\",\"publisher\":{\"@id\":\"https:\\\/\\\/danselibremalkovsky.com\\\/#organization\"},\"potentialAction\":[{\"@type\":\"SearchAction\",\"target\":{\"@type\":\"EntryPoint\",\"urlTemplate\":\"https:\\\/\\\/danselibremalkovsky.com\\\/?s={search_term_string}\"},\"query-input\":{\"@type\":\"PropertyValueSpecification\",\"valueRequired\":true,\"valueName\":\"search_term_string\"}}],\"inLanguage\":\"de\"},{\"@type\":\"Organization\",\"@id\":\"https:\\\/\\\/danselibremalkovsky.com\\\/#organization\",\"name\":\"danselibremalkovsky.com\",\"url\":\"https:\\\/\\\/danselibremalkovsky.com\\\/\",\"logo\":{\"@type\":\"ImageObject\",\"inLanguage\":\"de\",\"@id\":\"https:\\\/\\\/danselibremalkovsky.com\\\/#\\\/schema\\\/logo\\\/image\\\/\",\"url\":\"https:\\\/\\\/danselibremalkovsky.com\\\/wp-content\\\/uploads\\\/2024\\\/10\\\/cropped-Callian_logo.png\",\"contentUrl\":\"https:\\\/\\\/danselibremalkovsky.com\\\/wp-content\\\/uploads\\\/2024\\\/10\\\/cropped-Callian_logo.png\",\"width\":1406,\"height\":1685,\"caption\":\"danselibremalkovsky.com\"},\"image\":{\"@id\":\"https:\\\/\\\/danselibremalkovsky.com\\\/#\\\/schema\\\/logo\\\/image\\\/\"}}]}<\/script>\n<!-- \/ Yoast SEO plugin. -->","yoast_head_json":{"title":"Ecrivez-nous - danselibremalkovsky.com","robots":{"index":"index","follow":"follow","max-snippet":"max-snippet:-1","max-image-preview":"max-image-preview:large","max-video-preview":"max-video-preview:-1"},"canonical":"https:\/\/danselibremalkovsky.com\/de\/ecrivez-nous\/","og_locale":"de_DE","og_type":"article","og_title":"Ecrivez-nous - danselibremalkovsky.com","og_description":"Ecrivez-nous Pour toute question relative \u00e0 ce projet, si vous rencontrez un probl\u00e8me dans l\u2019utilisation du site ou simplement pour [&hellip;]","og_url":"https:\/\/danselibremalkovsky.com\/de\/ecrivez-nous\/","og_site_name":"danselibremalkovsky.com","article_modified_time":"2025-02-13T17:36:42+00:00","og_image":[{"url":"https:\/\/danselibremalkovsky.com\/wp-content\/plugins\/wpforms-lite\/assets\/images\/submit-spin.svg","type":"","width":"","height":""}],"twitter_card":"summary_large_image","twitter_misc":{"Gesch\u00e4tzte Lesezeit":"1\u00a0Minute"},"schema":{"@context":"https:\/\/schema.org","@graph":[{"@type":"WebPage","@id":"https:\/\/danselibremalkovsky.com\/ecrivez-nous\/","url":"https:\/\/danselibremalkovsky.com\/ecrivez-nous\/","name":"Ecrivez-nous - danselibremalkovsky.com","isPartOf":{"@id":"https:\/\/danselibremalkovsky.com\/#website"},"primaryImageOfPage":{"@id":"https:\/\/danselibremalkovsky.com\/ecrivez-nous\/#primaryimage"},"image":{"@id":"https:\/\/danselibremalkovsky.com\/ecrivez-nous\/#primaryimage"},"thumbnailUrl":"https:\/\/danselibremalkovsky.com\/wp-content\/plugins\/wpforms-lite\/assets\/images\/submit-spin.svg","datePublished":"2024-09-28T20:36:46+00:00","dateModified":"2025-02-13T17:36:42+00:00","breadcrumb":{"@id":"https:\/\/danselibremalkovsky.com\/ecrivez-nous\/#breadcrumb"},"inLanguage":"de","potentialAction":[{"@type":"ReadAction","target":["https:\/\/danselibremalkovsky.com\/ecrivez-nous\/"]}]},{"@type":"ImageObject","inLanguage":"de","@id":"https:\/\/danselibremalkovsky.com\/ecrivez-nous\/#primaryimage","url":"https:\/\/danselibremalkovsky.com\/wp-content\/plugins\/wpforms-lite\/assets\/images\/submit-spin.svg","contentUrl":"https:\/\/danselibremalkovsky.com\/wp-content\/plugins\/wpforms-lite\/assets\/images\/submit-spin.svg"},{"@type":"BreadcrumbList","@id":"https:\/\/danselibremalkovsky.com\/ecrivez-nous\/#breadcrumb","itemListElement":[{"@type":"ListItem","position":1,"name":"Accueil","item":"https:\/\/danselibremalkovsky.com\/"},{"@type":"ListItem","position":2,"name":"Ecrivez-nous"}]},{"@type":"WebSite","@id":"https:\/\/danselibremalkovsky.com\/#website","url":"https:\/\/danselibremalkovsky.com\/","name":"danselibremalkovsky.com","description":"&quot;Entrez dans la danse...&quot;","publisher":{"@id":"https:\/\/danselibremalkovsky.com\/#organization"},"potentialAction":[{"@type":"SearchAction","target":{"@type":"EntryPoint","urlTemplate":"https:\/\/danselibremalkovsky.com\/?s={search_term_string}"},"query-input":{"@type":"PropertyValueSpecification","valueRequired":true,"valueName":"search_term_string"}}],"inLanguage":"de"},{"@type":"Organization","@id":"https:\/\/danselibremalkovsky.com\/#organization","name":"danselibremalkovsky.com","url":"https:\/\/danselibremalkovsky.com\/","logo":{"@type":"ImageObject","inLanguage":"de","@id":"https:\/\/danselibremalkovsky.com\/#\/schema\/logo\/image\/","url":"https:\/\/danselibremalkovsky.com\/wp-content\/uploads\/2024\/10\/cropped-Callian_logo.png","contentUrl":"https:\/\/danselibremalkovsky.com\/wp-content\/uploads\/2024\/10\/cropped-Callian_logo.png","width":1406,"height":1685,"caption":"danselibremalkovsky.com"},"image":{"@id":"https:\/\/danselibremalkovsky.com\/#\/schema\/logo\/image\/"}}]}},"_links":{"self":[{"href":"https:\/\/danselibremalkovsky.com\/de\/wp-json\/wp\/v2\/pages\/21","targetHints":{"allow":["GET"]}}],"collection":[{"href":"https:\/\/danselibremalkovsky.com\/de\/wp-json\/wp\/v2\/pages"}],"about":[{"href":"https:\/\/danselibremalkovsky.com\/de\/wp-json\/wp\/v2\/types\/page"}],"author":[{"embeddable":true,"href":"https:\/\/danselibremalkovsky.com\/de\/wp-json\/wp\/v2\/users\/1"}],"replies":[{"embeddable":true,"href":"https:\/\/danselibremalkovsky.com\/de\/wp-json\/wp\/v2\/comments?post=21"}],"version-history":[{"count":3,"href":"https:\/\/danselibremalkovsky.com\/de\/wp-json\/wp\/v2\/pages\/21\/revisions"}],"predecessor-version":[{"id":1782,"href":"https:\/\/danselibremalkovsky.com\/de\/wp-json\/wp\/v2\/pages\/21\/revisions\/1782"}],"wp:attachment":[{"href":"https:\/\/danselibremalkovsky.com\/de\/wp-json\/wp\/v2\/media?parent=21"}],"curies":[{"name":"wp","href":"https:\/\/api.w.org\/{rel}","templated":true}]}}